{"id":184,"date":"2019-11-07T11:19:25","date_gmt":"2019-11-07T10:19:25","guid":{"rendered":"http:\/\/eckhard-schembs.net\/?page_id=184"},"modified":"2019-12-10T15:22:19","modified_gmt":"2019-12-10T14:22:19","slug":"der-kuenstler","status":"publish","type":"page","link":"https:\/\/eckhard-schembs.net\/?page_id=184","title":{"rendered":"DER K\u00dcNSTLER"},"content":{"rendered":"\n<div class=\"wp-block-image\"><figure class=\"alignleft is-resized\"><img decoding=\"async\" src=\"http:\/\/eckhard-schembs.net\/wp-content\/uploads\/2019\/11\/20191020_210022-300x225.jpg\" alt=\"\" class=\"wp-image-196\" width=\"350\" srcset=\"https:\/\/eckhard-schembs.net\/wp-content\/uploads\/2019\/11\/20191020_210022-300x225.jpg 300w, https:\/\/eckhard-schembs.net\/wp-content\/uploads\/2019\/11\/20191020_210022-768x576.jpg 768w, https:\/\/eckhard-schembs.net\/wp-content\/uploads\/2019\/11\/20191020_210022-830x623.jpg 830w, https:\/\/eckhard-schembs.net\/wp-content\/uploads\/2019\/11\/20191020_210022-230x173.jpg 230w, https:\/\/eckhard-schembs.net\/wp-content\/uploads\/2019\/11\/20191020_210022-350x263.jpg 350w, https:\/\/eckhard-schembs.net\/wp-content\/uploads\/2019\/11\/20191020_210022-480x360.jpg 480w, https:\/\/eckhard-schembs.net\/wp-content\/uploads\/2019\/11\/20191020_210022.jpg 1000w\" sizes=\"(max-width: 300px) 100vw, 300px\" \/><\/figure><\/div>\n\n\n\n<p class=\"bold\">Der kleine Eckhard war dick, so dick wie ein Luftballon. Nur fliegen konnte er nicht. \u00bbDu wirst Schlosser!\u00ab, bestimmte sein Vater. Also machte Eckhard eine Lehre. Doch er hasste die Stechuhr. Und seine F\u00fc\u00dfe wurden schwer, schwer wie Stahl. Wie sch\u00f6n w\u00e4re es, mit den V\u00f6geln zu fliegen, weit weg. \u00bbIch will K\u00fcnstler werden!\u00ab, verk\u00fcndete Eckhard. Und er begann, tausend V\u00f6gel zu schwei\u00dfen. Die st\u00e4hlernen V\u00f6gel verkaufte er und bereiste die ganze Welt. In S\u00fcdamerika paddelte er mit den Affen \u00fcber den Amazonas. In Asien ritt er auf Elefanten, in Australien h\u00fcpfte er mit dem K\u00e4nguru um die Wette. Und in Afrika tanzte er mit wohlgeformten Frauen. In den Stra\u00dfen von Ouagadougou tat er es den Bronzegie\u00dfern nach: Er schuf herrliche Skulpturen! Und jetzt fliegt Eckhard auch selbst. Ganz heimlich. Wenn es keiner sieht. Er fliegt, obwohl er so dick ist? Klar, das klappt trotzdem!<\/p>\n\n\n\n<p style=\"color:#b3b6af\" class=\"has-text-color has-large-font-size\">\u00bbIch will K\u00fcnstler werden!\u00ab, verk\u00fcndete Eckhard. Und er begann, tausend V\u00f6gel zu schwei\u00dfen\u2026<\/p>\n\n\n\n<p>Auszug aus dem Katalog \u00bbF\u00dcSSE AUS STAHL\u00ab \u2013 Eckhard Schembs, zu bestellen unter <a href=\"mailto: info@eckhard-schembs.de\">info@eckhard-schembs.de<\/a> <\/p>\n\n\n\n\n","protected":false},"excerpt":{"rendered":"<p>Der kleine Eckhard war dick, so dick wie ein Luftballon. Nur fliegen konnte er nicht. \u00bbDu wirst Schlosser!\u00ab, bestimmte sein Vater. Also [&hellip;]<\/p>\n","protected":false},"author":1,"featured_media":0,"parent":0,"menu_order":0,"comment_status":"closed","ping_status":"closed","template":"page-templates\/page_fullwidth.php","meta":{"footnotes":""},"class_list":["post-184","page","type-page","status-publish","hentry"],"_links":{"self":[{"href":"https:\/\/eckhard-schembs.net\/index.php?rest_route=\/wp\/v2\/pages\/184","targetHints":{"allow":["GET"]}}],"collection":[{"href":"https:\/\/eckhard-schembs.net\/index.php?rest_route=\/wp\/v2\/pages"}],"about":[{"href":"https:\/\/eckhard-schembs.net\/index.php?rest_route=\/wp\/v2\/types\/page"}],"author":[{"embeddable":true,"href":"https:\/\/eckhard-schembs.net\/index.php?rest_route=\/wp\/v2\/users\/1"}],"replies":[{"embeddable":true,"href":"https:\/\/eckhard-schembs.net\/index.php?rest_route=%2Fwp%2Fv2%2Fcomments&post=184"}],"version-history":[{"count":32,"href":"https:\/\/eckhard-schembs.net\/index.php?rest_route=\/wp\/v2\/pages\/184\/revisions"}],"predecessor-version":[{"id":377,"href":"https:\/\/eckhard-schembs.net\/index.php?rest_route=\/wp\/v2\/pages\/184\/revisions\/377"}],"wp:attachment":[{"href":"https:\/\/eckhard-schembs.net\/index.php?rest_route=%2Fwp%2Fv2%2Fmedia&parent=184"}],"curies":[{"name":"wp","href":"https:\/\/api.w.org\/{rel}","templated":true}]}}