{"id":26,"date":"2019-10-28T13:25:11","date_gmt":"2019-10-28T13:25:11","guid":{"rendered":"http:\/\/eckhard-schembs.net\/?page_id=26"},"modified":"2019-12-10T15:22:35","modified_gmt":"2019-12-10T14:22:35","slug":"kontakt","status":"publish","type":"page","link":"https:\/\/eckhard-schembs.net\/?page_id=26","title":{"rendered":"KONTAKT"},"content":{"rendered":"\n<p>In S\u00fcdamerika paddelte er mit den Affen \u00fcber den Amazonas. In Asien ritt er auf Elefanten, in Australien h\u00fcpfte er mit dem K\u00e4nguru um die Wette. In Herrnsheim ist er zuhause&#8230;<\/p>\n\n\n\n<p><\/p>\n\n\n<div class=\"wpgmp_map_container wpgmp-map-provider-google wpgmp-map-1\" rel=\"map1\" data-plugin-version=\"4.9.3\"><div class=\"wpgmp_map_parent\"><div class=\"wpgmp_map \" style=\"width:100%;height:500px\" id=\"map1\" data-map-id=\"1\"><\/div><\/div><\/div><script>jQuery(document).ready(function($){ window.wpgmp = window.wpgmp || {}; window.wpgmp.mapdata1 = \"eyJhdXRvc29ydCI6dHJ1ZSwibWFwX29wdGlvbnMiOnsiY2VudGVyX2xhdCI6IjQ5LjY1NDA5IiwiY2VudGVyX2xuZyI6IjguMzMxMjM5OTk5OTk5OTgiLCJ6b29tIjoxNSwibWFwX3R5cGVfaWQiOiJST0FETUFQIiwiY2VudGVyX2J5X25lYXJlc3QiOmZhbHNlLCJmaXRfYm91bmRzIjpmYWxzZSwic2hvd19jZW50ZXJfY2lyY2xlIjpmYWxzZSwic2hvd19jZW50ZXJfbWFya2VyIjpmYWxzZSwiY2VudGVyX21hcmtlcl9pY29uIjoiaHR0cDpcL1wvZWNraGFyZC1zY2hlbWJzLm5ldFwvd3AtY29udGVudFwvcGx1Z2luc1wvd3AtZ29vZ2xlLW1hcC1wbHVnaW5cL2Fzc2V0c1wvaW1hZ2VzXC9cL2RlZmF1bHRfbWFya2VyLnBuZyIsImRyYWdnYWJsZSI6dHJ1ZSwibWFya2VyX2RlZmF1bHRfaWNvbiI6Imh0dHA6XC9cL2Vja2hhcmQtc2NoZW1icy5uZXRcL3dwLWNvbnRlbnRcL3BsdWdpbnNcL3dwLWdvb2dsZS1tYXAtcGx1Z2luXC9hc3NldHNcL2ltYWdlc1wvXC9kZWZhdWx0X21hcmtlci5wbmciLCJpbmZvd2luZG93X3NldHRpbmciOiJFY2toYXJkIFNjaGVtYnMiLCJpbmZvd2luZG93X3NraW4iOnsibmFtZSI6ImRlZmF1bHQiLCJ0eXBlIjoiaW5mb3dpbmRvdyIsInNvdXJjZWNvZGUiOiJFY2toYXJkIFNjaGVtYnMifSwiaW5mb3dpbmRvd19kcm9wX2FuaW1hdGlvbiI6dHJ1ZSwiY2xvc2VfaW5mb3dpbmRvd19vbl9tYXBfY2xpY2siOmZhbHNlLCJkZWZhdWx0X2luZm93aW5kb3dfb3BlbiI6ZmFsc2UsImluZm93aW5kb3dfb3Blbl9ldmVudCI6ImNsaWNrIiwibGlzdGluZ19pbmZvd2luZG93X29wZW5fZXZlbnQiOiJjbGljayIsImlzX21vYmlsZSI6ZmFsc2UsImluZm93aW5kb3dfZmlsdGVyX29ubHkiOmZhbHNlLCJpbmZvd2luZG93X2NsaWNrX2NoYW5nZV9jZW50ZXIiOmZhbHNlLCJmdWxsX3NjcmVlbl9jb250cm9sIjpmYWxzZSwiY2FtZXJhX2NvbnRyb2wiOmZhbHNlLCJzZWFyY2hfY29udHJvbCI6dHJ1ZSwiem9vbV9jb250cm9sIjpmYWxzZSwibWFwX3R5cGVfY29udHJvbCI6ZmFsc2UsInN0cmVldF92aWV3X2NvbnRyb2wiOmZhbHNlLCJsb2NhdGVtZV9jb250cm9sIjpmYWxzZSwibW9iaWxlX3NwZWNpZmljIjpmYWxzZSwiem9vbV9tb2JpbGUiOjUsImRyYWdnYWJsZV9tb2JpbGUiOnRydWUsInNjcm9sbF93aGVlbF9tb2JpbGUiOnRydWUsImZ1bGxfc2NyZWVuX2NvbnRyb2xfcG9zaXRpb24iOiJUT1BfTEVGVCIsInNlYXJjaF9jb250cm9sX3Bvc2l0aW9uIjoiVE9QX0xFRlQiLCJ6b29tX2NvbnRyb2xfcG9zaXRpb24iOiJUT1BfTEVGVCIsIm1hcF90eXBlX2NvbnRyb2xfcG9zaXRpb24iOiJUT1BfTEVGVCIsIm1hcF90eXBlX2NvbnRyb2xfc3R5bGUiOiJEUk9QRE9XTl9NRU5VIiwic3RyZWV0X3ZpZXdfY29udHJvbF9wb3NpdGlvbiI6IlRPUF9MRUZUIiwibWFwX2luZm93aW5kb3dfY3VzdG9taXNhdGlvbnMiOmZhbHNlLCJpbmZvd2luZG93X3dpZHRoIjoiMTAwJSIsInNob3dfaW5mb3dpbmRvd19oZWFkZXIiOmZhbHNlLCJ6b29tX2xldmVsX2FmdGVyX3NlYXJjaCI6MTAsImRvdWJsZWNsaWNrem9vbSI6ZmFsc2UsImN1cnJlbnRfcG9zdF9vbmx5IjpmYWxzZSwiYWR2YW5jZV90ZW1wbGF0ZSI6ZmFsc2UsIm1hcF90aWxlX3VybCI6Imh0dHBzOlwvXC97c30udGlsZS5vcGVuc3RyZWV0bWFwLm9yZ1wve3p9XC97eH1cL3t5fS5wbmciLCJvcGVuc3RyZWV0X3N0eWxlcyI6eyJPcGVuU3RyZWV0TWFwLk1hcG5payI6Imh0dHBzOlwvXC97c30udGlsZS5vcGVuc3RyZWV0bWFwLm9yZ1wve3p9XC97eH1cL3t5fS5wbmciLCJPcGVuU3RyZWV0TWFwLkRFIjoiaHR0cHM6XC9cL3tzfS50aWxlLm9wZW5zdHJlZXRtYXAuZGVcL3RpbGVzXC9vc21kZVwve3p9XC97eH1cL3t5fS5wbmciLCJPcGVuU3RyZWV0TWFwLkNIIjoiaHR0cHM6XC9cL3RpbGUub3NtLmNoXC9zd2l0emVybGFuZFwve3p9XC97eH1cL3t5fS5wbmciLCJPcGVuU3RyZWV0TWFwLkZyYW5jZSI6Imh0dHBzOlwvXC97c30udGlsZS5vcGVuc3RyZWV0bWFwLmZyXC9vc21mclwve3p9XC97eH1cL3t5fS5wbmciLCJPcGVuU3RyZWV0TWFwLkhPVCI6Imh0dHBzOlwvXC97c30udGlsZS5vcGVuc3RyZWV0bWFwLmZyXC9ob3RcL3t6fVwve3h9XC97eX0ucG5nIiwiT3BlblN0cmVldE1hcC5CWkgiOiJodHRwczpcL1wvdGlsZS5vcGVuc3RyZWV0bWFwLmJ6aFwvYnJcL3t6fVwve3h9XC97eX0ucG5nIiwiT3BlblRvcG9NYXAiOiJodHRwczpcL1wve3N9LnRpbGUub3BlbnRvcG9tYXAub3JnXC97en1cL3t4fVwve3l9LnBuZyIsIlRodW5kZXJmb3Jlc3QuT3BlbkN5Y2xlTWFwIjoiaHR0cHM6XC9cL2Rldi57c30udGlsZS5vcGVuc3RyZWV0bWFwLmZyXC9jeWNsb3NtXC97en1cL3t4fVwve3l9LnBuZyIsIk9wZW5NYXBTdXJmZXIuUm9hZHMiOiJodHRwczpcL1wvbWFwcy5oZWlnaXQub3JnXC9vcGVubWFwc3VyZmVyXC90aWxlc1wvcm9hZHNcL3dlYm1lcmNhdG9yXC97en1cL3t4fVwve3l9LnBuZyJ9LCJvcGVuc3RyZWV0X3N0eWxlc19tYXJrdXAiOiI8c2VsZWN0IGNsYXNzPVwid3BvbXBfbWFwX3R5cGVcIj48b3B0aW9uIHZhbHVlPVwiT3BlblN0cmVldE1hcC5NYXBuaWtcIj5PcGVuU3RyZWV0TWFwLk1hcG5pazxcL29wdGlvbj48b3B0aW9uIHZhbHVlPVwiT3BlblN0cmVldE1hcC5ERVwiPk9wZW5TdHJlZXRNYXAuREU8XC9vcHRpb24+PG9wdGlvbiB2YWx1ZT1cIk9wZW5TdHJlZXRNYXAuQ0hcIj5PcGVuU3RyZWV0TWFwLkNIPFwvb3B0aW9uPjxvcHRpb24gdmFsdWU9XCJPcGVuU3RyZWV0TWFwLkZyYW5jZVwiPk9wZW5TdHJlZXRNYXAuRnJhbmNlPFwvb3B0aW9uPjxvcHRpb24gdmFsdWU9XCJPcGVuU3RyZWV0TWFwLkhPVFwiPk9wZW5TdHJlZXRNYXAuSE9UPFwvb3B0aW9uPjxvcHRpb24gdmFsdWU9XCJPcGVuU3RyZWV0TWFwLkJaSFwiPk9wZW5TdHJlZXRNYXAuQlpIPFwvb3B0aW9uPjxvcHRpb24gdmFsdWU9XCJPcGVuVG9wb01hcFwiPk9wZW5Ub3BvTWFwPFwvb3B0aW9uPjxvcHRpb24gdmFsdWU9XCJUaHVuZGVyZm9yZXN0Lk9wZW5DeWNsZU1hcFwiPlRodW5kZXJmb3Jlc3QuT3BlbkN5Y2xlTWFwPFwvb3B0aW9uPjxvcHRpb24gdmFsdWU9XCJPcGVuTWFwU3VyZmVyLlJvYWRzXCI+T3Blbk1hcFN1cmZlci5Sb2FkczxcL29wdGlvbj48XC9zZWxlY3Q+IiwibWFwX2JveF9zdHlsZXNfbWFya3VwIjoiPHNlbGVjdCBjbGFzcz1cIndwb21wX21hcGJveF90eXBlXCI+PG9wdGlvbiB2YWx1ZT1cInN0cmVldHMtdjExXCI+U3RyZWV0czxcL29wdGlvbj48b3B0aW9uIHZhbHVlPVwibGlnaHQtdjEwXCI+TGlnaHQ8XC9vcHRpb24+PG9wdGlvbiB2YWx1ZT1cImRhcmstdjEwXCI+RGFyazxcL29wdGlvbj48b3B0aW9uIHZhbHVlPVwib3V0ZG9vcnMtdjExXCI+T3V0ZG9vcnM8XC9vcHRpb24+PG9wdGlvbiB2YWx1ZT1cInNhdGVsbGl0ZS12OVwiPlNhdGVsbGl0ZTxcL29wdGlvbj48XC9zZWxlY3Q+IiwiYm91bmRfbWFwX2FmdGVyX2ZpbHRlciI6ZmFsc2UsImRpc3BsYXlfcmVzZXRfYnV0dG9uIjpmYWxzZSwibWFwX3Jlc2V0X2J1dHRvbl90ZXh0IjoiWnVyXHUwMGZjY2tzZXR6ZW4iLCJoZWlnaHQiOiI1MDAiLCJ0aWxlc19wcm92aWRlciI6Im9wZW5zdHJlZXQifSwicGxhY2VzIjpbeyJpZCI6IjEiLCJ0aXRsZSI6IkVja2hhcmQgU2NoZW1icyIsImFkZHJlc3MiOiJEYWxiZXJnc3RyYVx1MDBkZmUgNSwgNjc1NTAgV29ybXMsIEdlcm1hbnkiLCJzb3VyY2UiOiJtYW51YWwiLCJsb2NhdGlvbiI6eyJpY29uIjoiaHR0cDpcL1wvZWNraGFyZC1zY2hlbWJzLm5ldFwvd3AtY29udGVudFwvcGx1Z2luc1wvd3AtZ29vZ2xlLW1hcC1wbHVnaW5cL2Fzc2V0c1wvaW1hZ2VzXC9cL2RlZmF1bHRfbWFya2VyLnBuZyIsImxhdCI6IjQ5LjY1NDA5IiwibG5nIjoiOC4zMzEyMzk5OTk5OTk5OCIsImNpdHkiOiJXb3JtcyIsInN0YXRlIjoiUmhlaW5sYW5kLVBmYWx6IiwiY291bnRyeSI6Ikdlcm1hbnkiLCJvbmNsaWNrX2FjdGlvbiI6Im1hcmtlciIsIm1hcmtlcl9pbWFnZSI6IjxkaXYgY2xhc3M9J2ZjLWZlYXR1cmUtaW1nJz48aW1nIGxvYWRpbmc9J2xhenknIGRlY29kaW5nPSdhc3luYycgYWx0PSdFY2toYXJkIFNjaGVtYnMnIHNyYz0naHR0cHM6XC9cL2Vja2hhcmQtc2NoZW1icy5uZXRcL3dwLWNvbnRlbnRcL3BsdWdpbnNcL3dwLWdvb2dsZS1tYXAtcGx1Z2luXC9hc3NldHNcL2ltYWdlc1wvc2FtcGxlLmpwZycgY2xhc3M9J3dwZ21wX21hcmtlcl9pbWFnZSBmYy1pdGVtLWZlYXR1cmVkX2ltYWdlIGZjLWl0ZW0tbGFyZ2UnIFwvPjxcL2Rpdj4iLCJvcGVuX25ld190YWIiOiJ5ZXMiLCJwb3N0YWxfY29kZSI6IjY3NTUwIiwiYW5pbWF0aW9uIjoiQk9VTkNFIiwiaW5mb3dpbmRvd19kaXNhYmxlIjp0cnVlLCJ6b29tIjo1LCJleHRyYV9maWVsZHMiOnsibGlzdG9yZGVyIjowfX0sImNhdGVnb3JpZXMiOlt7Im5hbWUiOiJVbmNhdGVnb3JpZXMiLCJ0eXBlIjoiY2F0ZWdvcnkifV19XSwic3R5bGVzIjoiW1xyXG4gICAge1xyXG4gICAgICAgIFwiZmVhdHVyZVR5cGVcIjogXCJ3YXRlclwiLFxyXG4gICAgICAgIFwiZWxlbWVudFR5cGVcIjogXCJnZW9tZXRyeVwiLFxyXG4gICAgICAgIFwic3R5bGVyc1wiOiBbXHJcbiAgICAgICAgICAgIHtcclxuICAgICAgICAgICAgICAgIFwiY29sb3JcIjogXCIjZTllOWU5XCJcclxuICAgICAgICAgICAgfSxcclxuICAgICAgICAgICAge1xyXG4gICAgICAgICAgICAgICAgXCJsaWdodG5lc3NcIjogMTdcclxuICAgICAgICAgICAgfVxyXG4gICAgICAgIF1cclxuICAgIH0sXHJcbiAgICB7XHJcbiAgICAgICAgXCJmZWF0dXJlVHlwZVwiOiBcImxhbmRzY2FwZVwiLFxyXG4gICAgICAgIFwiZWxlbWVudFR5cGVcIjogXCJnZW9tZXRyeVwiLFxyXG4gICAgICAgIFwic3R5bGVyc1wiOiBbXHJcbiAgICAgICAgICAgIHtcclxuICAgICAgICAgICAgICAgIFwiY29sb3JcIjogXCIjZjVmNWY1XCJcclxuICAgICAgICAgICAgfSxcclxuICAgICAgICAgICAge1xyXG4gICAgICAgICAgICAgICAgXCJsaWdodG5lc3NcIjogMjBcclxuICAgICAgICAgICAgfVxyXG4gICAgICAgIF1cclxuICAgIH0sXHJcbiAgICB7XHJcbiAgICAgICAgXCJmZWF0dXJlVHlwZVwiOiBcInJvYWQuaGlnaHdheVwiLFxyXG4gICAgICAgIFwiZWxlbWVudFR5cGVcIjogXCJnZW9tZXRyeS5maWxsXCIsXHJcbiAgICAgICAgXCJzdHlsZXJzXCI6IFtcclxuICAgICAgICAgICAge1xyXG4gICAgICAgICAgICAgICAgXCJjb2xvclwiOiBcIiNmZmZmZmZcIlxyXG4gICAgICAgICAgICB9LFxyXG4gICAgICAgICAgICB7XHJcbiAgICAgICAgICAgICAgICBcImxpZ2h0bmVzc1wiOiAxN1xyXG4gICAgICAgICAgICB9XHJcbiAgICAgICAgXVxyXG4gICAgfSxcclxuICAgIHtcclxuICAgICAgICBcImZlYXR1cmVUeXBlXCI6IFwicm9hZC5oaWdod2F5XCIsXHJcbiAgICAgICAgXCJlbGVtZW50VHlwZVwiOiBcImdlb21ldHJ5LnN0cm9rZVwiLFxyXG4gICAgICAgIFwic3R5bGVyc1wiOiBbXHJcbiAgICAgICAgICAgIHtcclxuICAgICAgICAgICAgICAgIFwiY29sb3JcIjogXCIjZmZmZmZmXCJcclxuICAgICAgICAgICAgfSxcclxuICAgICAgICAgICAge1xyXG4gICAgICAgICAgICAgICAgXCJsaWdodG5lc3NcIjogMjlcclxuICAgICAgICAgICAgfSxcclxuICAgICAgICAgICAge1xyXG4gICAgICAgICAgICAgICAgXCJ3ZWlnaHRcIjogMC4yXHJcbiAgICAgICAgICAgIH1cclxuICAgICAgICBdXHJcbiAgICB9LFxyXG4gICAge1xyXG4gICAgICAgIFwiZmVhdHVyZVR5cGVcIjogXCJyb2FkLmFydGVyaWFsXCIsXHJcbiAgICAgICAgXCJlbGVtZW50VHlwZVwiOiBcImdlb21ldHJ5XCIsXHJcbiAgICAgICAgXCJzdHlsZXJzXCI6IFtcclxuICAgICAgICAgICAge1xyXG4gICAgICAgICAgICAgICAgXCJjb2xvclwiOiBcIiNmZmZmZmZcIlxyXG4gICAgICAgICAgICB9LFxyXG4gICAgICAgICAgICB7XHJcbiAgICAgICAgICAgICAgICBcImxpZ2h0bmVzc1wiOiAxOFxyXG4gICAgICAgICAgICB9XHJcbiAgICAgICAgXVxyXG4gICAgfSxcclxuICAgIHtcclxuICAgICAgICBcImZlYXR1cmVUeXBlXCI6IFwicm9hZC5sb2NhbFwiLFxyXG4gICAgICAgIFwiZWxlbWVudFR5cGVcIjogXCJnZW9tZXRyeVwiLFxyXG4gICAgICAgIFwic3R5bGVyc1wiOiBbXHJcbiAgICAgICAgICAgIHtcclxuICAgICAgICAgICAgICAgIFwiY29sb3JcIjogXCIjZmZmZmZmXCJcclxuICAgICAgICAgICAgfSxcclxuICAgICAgICAgICAge1xyXG4gICAgICAgICAgICAgICAgXCJsaWdodG5lc3NcIjogMTZcclxuICAgICAgICAgICAgfVxyXG4gICAgICAgIF1cclxuICAgIH0sXHJcbiAgICB7XHJcbiAgICAgICAgXCJmZWF0dXJlVHlwZVwiOiBcInBvaVwiLFxyXG4gICAgICAgIFwiZWxlbWVudFR5cGVcIjogXCJnZW9tZXRyeVwiLFxyXG4gICAgICAgIFwic3R5bGVyc1wiOiBbXHJcbiAgICAgICAgICAgIHtcclxuICAgICAgICAgICAgICAgIFwiY29sb3JcIjogXCIjZjVmNWY1XCJcclxuICAgICAgICAgICAgfSxcclxuICAgICAgICAgICAge1xyXG4gICAgICAgICAgICAgICAgXCJsaWdodG5lc3NcIjogMjFcclxuICAgICAgICAgICAgfVxyXG4gICAgICAgIF1cclxuICAgIH0sXHJcbiAgICB7XHJcbiAgICAgICAgXCJmZWF0dXJlVHlwZVwiOiBcInBvaS5wYXJrXCIsXHJcbiAgICAgICAgXCJlbGVtZW50VHlwZVwiOiBcImdlb21ldHJ5XCIsXHJcbiAgICAgICAgXCJzdHlsZXJzXCI6IFtcclxuICAgICAgICAgICAge1xyXG4gICAgICAgICAgICAgICAgXCJjb2xvclwiOiBcIiNkZWRlZGVcIlxyXG4gICAgICAgICAgICB9LFxyXG4gICAgICAgICAgICB7XHJcbiAgICAgICAgICAgICAgICBcImxpZ2h0bmVzc1wiOiAyMVxyXG4gICAgICAgICAgICB9XHJcbiAgICAgICAgXVxyXG4gICAgfSxcclxuICAgIHtcclxuICAgICAgICBcImVsZW1lbnRUeXBlXCI6IFwibGFiZWxzLnRleHQuc3Ryb2tlXCIsXHJcbiAgICAgICAgXCJzdHlsZXJzXCI6IFtcclxuICAgICAgICAgICAge1xyXG4gICAgICAgICAgICAgICAgXCJ2aXNpYmlsaXR5XCI6IFwib25cIlxyXG4gICAgICAgICAgICB9LFxyXG4gICAgICAgICAgICB7XHJcbiAgICAgICAgICAgICAgICBcImNvbG9yXCI6IFwiI2ZmZmZmZlwiXHJcbiAgICAgICAgICAgIH0sXHJcbiAgICAgICAgICAgIHtcclxuICAgICAgICAgICAgICAgIFwibGlnaHRuZXNzXCI6IDE2XHJcbiAgICAgICAgICAgIH1cclxuICAgICAgICBdXHJcbiAgICB9LFxyXG4gICAge1xyXG4gICAgICAgIFwiZWxlbWVudFR5cGVcIjogXCJsYWJlbHMudGV4dC5maWxsXCIsXHJcbiAgICAgICAgXCJzdHlsZXJzXCI6IFtcclxuICAgICAgICAgICAge1xyXG4gICAgICAgICAgICAgICAgXCJzYXR1cmF0aW9uXCI6IDM2XHJcbiAgICAgICAgICAgIH0sXHJcbiAgICAgICAgICAgIHtcclxuICAgICAgICAgICAgICAgIFwiY29sb3JcIjogXCIjMzMzMzMzXCJcclxuICAgICAgICAgICAgfSxcclxuICAgICAgICAgICAge1xyXG4gICAgICAgICAgICAgICAgXCJsaWdodG5lc3NcIjogNDBcclxuICAgICAgICAgICAgfVxyXG4gICAgICAgIF1cclxuICAgIH0sXHJcbiAgICB7XHJcbiAgICAgICAgXCJlbGVtZW50VHlwZVwiOiBcImxhYmVscy5pY29uXCIsXHJcbiAgICAgICAgXCJzdHlsZXJzXCI6IFtcclxuICAgICAgICAgICAge1xyXG4gICAgICAgICAgICAgICAgXCJ2aXNpYmlsaXR5XCI6IFwib2ZmXCJcclxuICAgICAgICAgICAgfVxyXG4gICAgICAgIF1cclxuICAgIH0sXHJcbiAgICB7XHJcbiAgICAgICAgXCJmZWF0dXJlVHlwZVwiOiBcInRyYW5zaXRcIixcclxuICAgICAgICBcImVsZW1lbnRUeXBlXCI6IFwiZ2VvbWV0cnlcIixcclxuICAgICAgICBcInN0eWxlcnNcIjogW1xyXG4gICAgICAgICAgICB7XHJcbiAgICAgICAgICAgICAgICBcImNvbG9yXCI6IFwiI2YyZjJmMlwiXHJcbiAgICAgICAgICAgIH0sXHJcbiAgICAgICAgICAgIHtcclxuICAgICAgICAgICAgICAgIFwibGlnaHRuZXNzXCI6IDE5XHJcbiAgICAgICAgICAgIH1cclxuICAgICAgICBdXHJcbiAgICB9LFxyXG4gICAge1xyXG4gICAgICAgIFwiZmVhdHVyZVR5cGVcIjogXCJhZG1pbmlzdHJhdGl2ZVwiLFxyXG4gICAgICAgIFwiZWxlbWVudFR5cGVcIjogXCJnZW9tZXRyeS5maWxsXCIsXHJcbiAgICAgICAgXCJzdHlsZXJzXCI6IFtcclxuICAgICAgICAgICAge1xyXG4gICAgICAgICAgICAgICAgXCJjb2xvclwiOiBcIiNmZWZlZmVcIlxyXG4gICAgICAgICAgICB9LFxyXG4gICAgICAgICAgICB7XHJcbiAgICAgICAgICAgICAgICBcImxpZ2h0bmVzc1wiOiAyMFxyXG4gICAgICAgICAgICB9XHJcbiAgICAgICAgXVxyXG4gICAgfSxcclxuICAgIHtcclxuICAgICAgICBcImZlYXR1cmVUeXBlXCI6IFwiYWRtaW5pc3RyYXRpdmVcIixcclxuICAgICAgICBcImVsZW1lbnRUeXBlXCI6IFwiZ2VvbWV0cnkuc3Ryb2tlXCIsXHJcbiAgICAgICAgXCJzdHlsZXJzXCI6IFtcclxuICAgICAgICAgICAge1xyXG4gICAgICAgICAgICAgICAgXCJjb2xvclwiOiBcIiNmZWZlZmVcIlxyXG4gICAgICAgICAgICB9LFxyXG4gICAgICAgICAgICB7XHJcbiAgICAgICAgICAgICAgICBcImxpZ2h0bmVzc1wiOiAxN1xyXG4gICAgICAgICAgICB9LFxyXG4gICAgICAgICAgICB7XHJcbiAgICAgICAgICAgICAgICBcIndlaWdodFwiOiAxLjJcclxuICAgICAgICAgICAgfVxyXG4gICAgICAgIF1cclxuICAgIH1cclxuXSIsIm1hcF9wcm9wZXJ0eSI6eyJtYXBfaWQiOiIxIn0sInNoYXBlcyI6eyJkcmF3aW5nX2VkaXRhYmxlIjpmYWxzZX0sImZpbHRlcnMiOnsiZmlsdGVyc19jb250YWluZXIiOiJbZGF0YS1jb250YWluZXI9XCJ3cGdtcC1maWx0ZXJzLWNvbnRhaW5lclwiXSJ9LCJnbG9iYWxfc2V0dGluZ3MiOmZhbHNlLCJwcm92aWRlciI6Imdvb2dsZSIsImFwaUtleSI6IiJ9\"; });<\/script>\n\n\n\n<figure class=\"wp-block-image\"><img loading=\"lazy\" decoding=\"async\" width=\"398\" height=\"57\" src=\"http:\/\/eckhard-schembs.net\/wp-content\/uploads\/2019\/11\/Platzhalter.png\" alt=\"\" class=\"wp-image-221\" srcset=\"https:\/\/eckhard-schembs.net\/wp-content\/uploads\/2019\/11\/Platzhalter.png 398w, https:\/\/eckhard-schembs.net\/wp-content\/uploads\/2019\/11\/Platzhalter-300x43.png 300w, https:\/\/eckhard-schembs.net\/wp-content\/uploads\/2019\/11\/Platzhalter-230x33.png 230w, https:\/\/eckhard-schembs.net\/wp-content\/uploads\/2019\/11\/Platzhalter-350x50.png 350w\" sizes=\"auto, (max-width: 398px) 100vw, 398px\" \/><\/figure>\n\n\n\n<p style=\"color:#b3b6af\" class=\"has-text-color has-medium-font-size\">Eckhard Schembs<br>Dalbergstra\u00dfe 5<br>67550 Worms-Herrnsheim<br>Tel. 0 62 41 &#8211; 5 82 76<br><a href=\"mailto:%20info@eckhard-schembs.de\">info@eckhard-schembs.de<\/a><\/p>\n\n\n\n<p><\/p>\n\n\n\n<p><\/p>\n\n\n\n<p> <\/p>\n\n\n\n\n","protected":false},"excerpt":{"rendered":"<p>In S\u00fcdamerika paddelte er mit den Affen \u00fcber den Amazonas. In Asien ritt er auf Elefanten, in Australien h\u00fcpfte er mit dem [&hellip;]<\/p>\n","protected":false},"author":1,"featured_media":0,"parent":0,"menu_order":0,"comment_status":"closed","ping_status":"closed","template":"page-templates\/page_fullwidth.php","meta":{"footnotes":""},"class_list":["post-26","page","type-page","status-publish","hentry"],"_links":{"self":[{"href":"https:\/\/eckhard-schembs.net\/index.php?rest_route=\/wp\/v2\/pages\/26","targetHints":{"allow":["GET"]}}],"collection":[{"href":"https:\/\/eckhard-schembs.net\/index.php?rest_route=\/wp\/v2\/pages"}],"about":[{"href":"https:\/\/eckhard-schembs.net\/index.php?rest_route=\/wp\/v2\/types\/page"}],"author":[{"embeddable":true,"href":"https:\/\/eckhard-schembs.net\/index.php?rest_route=\/wp\/v2\/users\/1"}],"replies":[{"embeddable":true,"href":"https:\/\/eckhard-schembs.net\/index.php?rest_route=%2Fwp%2Fv2%2Fcomments&post=26"}],"version-history":[{"count":26,"href":"https:\/\/eckhard-schembs.net\/index.php?rest_route=\/wp\/v2\/pages\/26\/revisions"}],"predecessor-version":[{"id":378,"href":"https:\/\/eckhard-schembs.net\/index.php?rest_route=\/wp\/v2\/pages\/26\/revisions\/378"}],"wp:attachment":[{"href":"https:\/\/eckhard-schembs.net\/index.php?rest_route=%2Fwp%2Fv2%2Fmedia&parent=26"}],"curies":[{"name":"wp","href":"https:\/\/api.w.org\/{rel}","templated":true}]}}